{"id":9,"date":"2024-09-17T17:41:35","date_gmt":"2024-09-17T17:41:35","guid":{"rendered":"https:\/\/goldensafetygroup.com\/?page_id=9"},"modified":"2025-09-12T22:38:04","modified_gmt":"2025-09-12T22:38:04","slug":"inicio","status":"publish","type":"page","link":"https:\/\/goldensafetygroup.com\/","title":{"rendered":"inicio"},"content":{"rendered":"\t\t<div data-elementor-type=\"wp-page\" data-elementor-id=\"9\" class=\"elementor elementor-9\" data-elementor-post-type=\"page\">\n\t\t\t\t<div class=\"elementor-element elementor-element-56fc88c e-flex e-con-boxed e-con e-parent\" data-id=\"56fc88c\" data-element_type=\"container\" id=\"inicio\" data-settings=\"{&quot;background_background&quot;:&quot;classic&quot;}\">\n\t\t\t\t\t<div class=\"e-con-inner\">\n\t\t\t\t<div class=\"elementor-element elementor-element-3810394 elementor-widget elementor-widget-heading\" data-id=\"3810394\" data-element_type=\"widget\" data-widget_type=\"heading.default\">\n\t\t\t\t<div class=\"elementor-widget-container\">\n\t\t\t<div class=\"elementor-heading-title elementor-size-default\">Ayudamos a que los profesionales\nregresen sanos y salvos a casa\ndespu\u00e9s de una jornada laboral\ncon riesgos y \u00e9xitos.<\/div>\t\t<\/div>\n\t\t\t\t<\/div>\n\t\t\t\t\t<\/div>\n\t\t\t\t<\/div>\n\t\t<div class=\"elementor-element elementor-element-5915b3d e-flex e-con-boxed e-con e-parent\" data-id=\"5915b3d\" data-element_type=\"container\" id=\"acerca\" data-settings=\"{&quot;background_background&quot;:&quot;classic&quot;}\">\n\t\t\t\t\t<div class=\"e-con-inner\">\n\t\t\t\t<div class=\"elementor-element elementor-element-1a6e050 elementor-widget elementor-widget-heading\" data-id=\"1a6e050\" data-element_type=\"widget\" data-widget_type=\"heading.default\">\n\t\t\t\t<div class=\"elementor-widget-container\">\n\t\t\t<h2 class=\"elementor-heading-title elementor-size-default\">Acerca de GSG<\/h2>\t\t<\/div>\n\t\t\t\t<\/div>\n\t\t\t\t<div class=\"elementor-element elementor-element-befa167 elementor-widget__width-initial elementor-widget elementor-widget-text-editor\" data-id=\"befa167\" data-element_type=\"widget\" data-widget_type=\"text-editor.default\">\n\t\t\t\t<div class=\"elementor-widget-container\">\n\t\t\t\t\t\t\t<p>\u00a0<\/p><p>Mas de 40 a\u00f1os ayudando a crear lugares de trabajos mas seguros en la industria por medio de Equipos y Sistemas que se adec\u00faan a las necesidades de los<br \/>usuarios y de las empresas.<\/p><p>Somos un Grupo que esta formado por un conjunto de empresas que se caracterizan por su evoluci\u00f3n constante y dinamismo.<\/p>\t\t\t\t\t\t<\/div>\n\t\t\t\t<\/div>\n\t\t\t\t\t<\/div>\n\t\t\t\t<\/div>\n\t\t<div class=\"elementor-element elementor-element-cc62b00 e-flex e-con-boxed e-con e-parent\" data-id=\"cc62b00\" data-element_type=\"container\" id=\"marcas\">\n\t\t\t\t\t<div class=\"e-con-inner\">\n\t\t\t\t<div class=\"elementor-element elementor-element-86ad987 elementor-arrows-position-inside elementor-pagination-position-outside elementor-widget elementor-widget-image-carousel\" data-id=\"86ad987\" data-element_type=\"widget\" data-settings=\"{&quot;slides_to_show&quot;:&quot;2&quot;,&quot;slides_to_scroll&quot;:&quot;2&quot;,&quot;lazyload&quot;:&quot;yes&quot;,&quot;navigation&quot;:&quot;both&quot;,&quot;autoplay&quot;:&quot;yes&quot;,&quot;pause_on_hover&quot;:&quot;yes&quot;,&quot;pause_on_interaction&quot;:&quot;yes&quot;,&quot;autoplay_speed&quot;:5000,&quot;infinite&quot;:&quot;yes&quot;,&quot;speed&quot;:500}\" data-widget_type=\"image-carousel.default\">\n\t\t\t\t<div class=\"elementor-widget-container\">\n\t\t\t\t\t<div class=\"elementor-image-carousel-wrapper swiper\" dir=\"ltr\">\n\t\t\t<div class=\"elementor-image-carousel swiper-wrapper\" aria-live=\"off\">\n\t\t\t\t\t\t\t\t<div class=\"swiper-slide\" role=\"group\" aria-roledescription=\"slide\" aria-label=\"1 de 6\"><figure class=\"swiper-slide-inner\"><img class=\"swiper-slide-image swiper-lazy\" data-src=\"https:\/\/goldensafetygroup.com\/wp-content\/uploads\/2025\/09\/LogoGolden-300x300.jpg\" alt=\"Marca l\u00edder en Mexico y Latinoamericano de EPP para trabajos el altura\" \/><div class=\"swiper-lazy-preloader\"><\/div><figcaption class=\"elementor-image-carousel-caption\">Marca l\u00edder en Mexico y Latinoamericano de EPP para trabajos el altura<\/figcaption><\/figure><\/div><div class=\"swiper-slide\" role=\"group\" aria-roledescription=\"slide\" aria-label=\"2 de 6\"><figure class=\"swiper-slide-inner\"><img class=\"swiper-slide-image swiper-lazy\" data-src=\"https:\/\/goldensafetygroup.com\/wp-content\/uploads\/2025\/09\/LogoScopeMulti-300x300.jpg\" alt=\"Division de Sistemas Permanentes y removibles de Lineas de Vida Verticales y Horizontales.\" \/><div class=\"swiper-lazy-preloader\"><\/div><figcaption class=\"elementor-image-carousel-caption\">Division de Sistemas Permanentes y removibles de Lineas de Vida Verticales y Horizontales.<\/figcaption><\/figure><\/div><div class=\"swiper-slide\" role=\"group\" aria-roledescription=\"slide\" aria-label=\"3 de 6\"><figure class=\"swiper-slide-inner\"><img class=\"swiper-slide-image swiper-lazy\" data-src=\"https:\/\/goldensafetygroup.com\/wp-content\/uploads\/2025\/09\/LogoSDA-300x264.jpg\" alt=\"Fabricaci\u00f3n de Equipos de Protecci\u00f3n Personal para trabajos en alturas\" \/><div class=\"swiper-lazy-preloader\"><\/div><figcaption class=\"elementor-image-carousel-caption\">Fabricaci\u00f3n de Equipos de Protecci\u00f3n Personal para trabajos en alturas<\/figcaption><\/figure><\/div><div class=\"swiper-slide\" role=\"group\" aria-roledescription=\"slide\" aria-label=\"4 de 6\"><figure class=\"swiper-slide-inner\"><img class=\"swiper-slide-image swiper-lazy\" data-src=\"https:\/\/goldensafetygroup.com\/wp-content\/uploads\/2025\/09\/LogoSersa-300x300.jpg\" alt=\"Divisi\u00f3n de Comercializ\u00e1cion de Equipo de Proteccion Personal, MRO, Servicios y todo lo relacionado a Seguridad Industrial.\" \/><div class=\"swiper-lazy-preloader\"><\/div><figcaption class=\"elementor-image-carousel-caption\">Divisi\u00f3n de Comercializ\u00e1cion de Equipo de Proteccion Personal, MRO, Servicios y todo lo relacionado a Seguridad Industrial.<\/figcaption><\/figure><\/div><div class=\"swiper-slide\" role=\"group\" aria-roledescription=\"slide\" aria-label=\"5 de 6\"><figure class=\"swiper-slide-inner\"><img class=\"swiper-slide-image swiper-lazy\" data-src=\"https:\/\/goldensafetygroup.com\/wp-content\/uploads\/2025\/09\/LogoSkindex-300x98.jpg\" alt=\"Empresa l\u00edder en la fabricaci\u00f3n de Ropa de Protecci\u00f3n para aplicaciones industriales de alto riesgo\" \/><div class=\"swiper-lazy-preloader\"><\/div><figcaption class=\"elementor-image-carousel-caption\">Empresa l\u00edder en la fabricaci\u00f3n de Ropa de Protecci\u00f3n para aplicaciones industriales de alto riesgo<\/figcaption><\/figure><\/div><div class=\"swiper-slide\" role=\"group\" aria-roledescription=\"slide\" aria-label=\"6 de 6\"><figure class=\"swiper-slide-inner\"><img class=\"swiper-slide-image swiper-lazy\" data-src=\"https:\/\/goldensafetygroup.com\/wp-content\/uploads\/2025\/09\/logoInnovacert-300x169.jpg\" alt=\"Laboratorio de Pruebas certiOcado por ISO para diversos tipos de productos Industriales\" \/><div class=\"swiper-lazy-preloader\"><\/div><figcaption class=\"elementor-image-carousel-caption\">Laboratorio de Pruebas certiOcado por ISO para diversos tipos de productos Industriales<\/figcaption><\/figure><\/div>\t\t\t<\/div>\n\t\t\t\t\t\t\t\t\t\t\t\t<div class=\"elementor-swiper-button elementor-swiper-button-prev\" role=\"button\" tabindex=\"0\">\n\t\t\t\t\t\t<svg aria-hidden=\"true\" class=\"e-font-icon-svg e-eicon-chevron-left\" viewBox=\"0 0 1000 1000\" xmlns=\"http:\/\/www.w3.org\/2000\/svg\"><path d=\"M646 125C629 125 613 133 604 142L308 442C296 454 292 471 292 487 292 504 296 521 308 533L604 854C617 867 629 875 646 875 663 875 679 871 692 858 704 846 713 829 713 812 713 796 708 779 692 767L438 487 692 225C700 217 708 204 708 187 708 171 704 154 692 142 675 129 663 125 646 125Z\"><\/path><\/svg>\t\t\t\t\t<\/div>\n\t\t\t\t\t<div class=\"elementor-swiper-button elementor-swiper-button-next\" role=\"button\" tabindex=\"0\">\n\t\t\t\t\t\t<svg aria-hidden=\"true\" class=\"e-font-icon-svg e-eicon-chevron-right\" viewBox=\"0 0 1000 1000\" xmlns=\"http:\/\/www.w3.org\/2000\/svg\"><path d=\"M696 533C708 521 713 504 713 487 713 471 708 454 696 446L400 146C388 133 375 125 354 125 338 125 325 129 313 142 300 154 292 171 292 187 292 204 296 221 308 233L563 492 304 771C292 783 288 800 288 817 288 833 296 850 308 863 321 871 338 875 354 875 371 875 388 867 400 854L696 533Z\"><\/path><\/svg>\t\t\t\t\t<\/div>\n\t\t\t\t\n\t\t\t\t\t\t\t\t\t<div class=\"swiper-pagination\"><\/div>\n\t\t\t\t\t\t\t\t\t<\/div>\n\t\t\t\t<\/div>\n\t\t\t\t<\/div>\n\t\t\t\t\t<\/div>\n\t\t\t\t<\/div>\n\t\t\t\t<\/div>\n\t\t","protected":false},"excerpt":{"rendered":"<p>Ayudamos a que los profesionales regresen sanos y salvos a casa despu\u00e9s de una jornada laboral con riesgos y \u00e9xitos. [&hellip;]<\/p>\n","protected":false},"author":1,"featured_media":0,"parent":0,"menu_order":0,"comment_status":"closed","ping_status":"closed","template":"elementor_header_footer","meta":{"site-sidebar-layout":"default","site-content-layout":"","ast-site-content-layout":"default","site-content-style":"default","site-sidebar-style":"default","ast-global-header-display":"","ast-banner-title-visibility":"","ast-main-header-display":"","ast-hfb-above-header-display":"","ast-hfb-below-header-display":"","ast-hfb-mobile-header-display":"","site-post-title":"disabled","ast-breadcrumbs-content":"","ast-featured-img":"","footer-sml-layout":"","theme-transparent-header-meta":"","adv-header-id-meta":"","stick-header-meta":"","header-above-stick-meta":"","header-main-stick-meta":"","header-below-stick-meta":"","astra-migrate-meta-layouts":"default","ast-page-background-enabled":"default","ast-page-background-meta":{"desktop":{"background-color":"var(--ast-global-color-5)","background-image":"","background-repeat":"repeat","background-position":"center center","background-size":"auto","background-attachment":"scroll","background-type":"","background-media":"","overlay-type":"","overlay-color":"","overlay-opacity":"","overlay-gradient":""},"tablet":{"background-color":"","background-image":"","background-repeat":"repeat","background-position":"center center","background-size":"auto","background-attachment":"scroll","background-type":"","background-media":"","overlay-type":"","overlay-color":"","overlay-opacity":"","overlay-gradient":""},"mobile":{"background-color":"","background-image":"","background-repeat":"repeat","background-position":"center center","background-size":"auto","background-attachment":"scroll","background-type":"","background-media":"","overlay-type":"","overlay-color":"","overlay-opacity":"","overlay-gradient":""}},"ast-content-background-meta":{"desktop":{"background-color":"var(--ast-global-color-4)","background-image":"","background-repeat":"repeat","background-position":"center center","background-size":"auto","background-attachment":"scroll","background-type":"","background-media":"","overlay-type":"","overlay-color":"","overlay-opacity":"","overlay-gradient":""},"tablet":{"background-color":"var(--ast-global-color-4)","background-image":"","background-repeat":"repeat","background-position":"center center","background-size":"auto","background-attachment":"scroll","background-type":"","background-media":"","overlay-type":"","overlay-color":"","overlay-opacity":"","overlay-gradient":""},"mobile":{"background-color":"var(--ast-global-color-4)","background-image":"","background-repeat":"repeat","background-position":"center center","background-size":"auto","background-attachment":"scroll","background-type":"","background-media":"","overlay-type":"","overlay-color":"","overlay-opacity":"","overlay-gradient":""}},"footnotes":""},"class_list":["post-9","page","type-page","status-publish","hentry"],"yoast_head":"<!-- This site is optimized with the Yoast SEO plugin v23.4 - https:\/\/yoast.com\/wordpress\/plugins\/seo\/ -->\n<title>inicio -<\/title>\n<meta name=\"robots\" content=\"index, follow, max-snippet:-1, max-image-preview:large, max-video-preview:-1\" \/>\n<link rel=\"canonical\" href=\"https:\/\/goldensafetygroup.com\/\" \/>\n<meta property=\"og:locale\" content=\"es_MX\" \/>\n<meta property=\"og:type\" content=\"article\" \/>\n<meta property=\"og:title\" content=\"inicio -\" \/>\n<meta property=\"og:description\" content=\"Ayudamos a que los profesionales regresen sanos y salvos a casa despu\u00e9s de una jornada laboral con riesgos y \u00e9xitos. [&hellip;]\" \/>\n<meta property=\"og:url\" content=\"https:\/\/goldensafetygroup.com\/\" \/>\n<meta property=\"article:modified_time\" content=\"2025-09-12T22:38:04+00:00\" \/>\n<meta property=\"og:image\" content=\"https:\/\/goldensafetygroup.com\/wp-content\/uploads\/2025\/09\/LogoGolden-300x300.jpg\" \/>\n<meta name=\"twitter:card\" content=\"summary_large_image\" \/>\n<meta name=\"twitter:label1\" content=\"Tiempo de lectura\" \/>\n\t<meta name=\"twitter:data1\" content=\"3 minutos\" \/>\n<script type=\"application\/ld+json\" class=\"yoast-schema-graph\">{\"@context\":\"https:\/\/schema.org\",\"@graph\":[{\"@type\":\"WebPage\",\"@id\":\"https:\/\/goldensafetygroup.com\/\",\"url\":\"https:\/\/goldensafetygroup.com\/\",\"name\":\"inicio -\",\"isPartOf\":{\"@id\":\"https:\/\/goldensafetygroup.com\/#website\"},\"primaryImageOfPage\":{\"@id\":\"https:\/\/goldensafetygroup.com\/#primaryimage\"},\"image\":{\"@id\":\"https:\/\/goldensafetygroup.com\/#primaryimage\"},\"thumbnailUrl\":\"https:\/\/goldensafetygroup.com\/wp-content\/uploads\/2025\/09\/LogoGolden-300x300.jpg\",\"datePublished\":\"2024-09-17T17:41:35+00:00\",\"dateModified\":\"2025-09-12T22:38:04+00:00\",\"breadcrumb\":{\"@id\":\"https:\/\/goldensafetygroup.com\/#breadcrumb\"},\"inLanguage\":\"es\",\"potentialAction\":[{\"@type\":\"ReadAction\",\"target\":[\"https:\/\/goldensafetygroup.com\/\"]}]},{\"@type\":\"ImageObject\",\"inLanguage\":\"es\",\"@id\":\"https:\/\/goldensafetygroup.com\/#primaryimage\",\"url\":\"https:\/\/goldensafetygroup.com\/wp-content\/uploads\/2025\/09\/LogoGolden.jpg\",\"contentUrl\":\"https:\/\/goldensafetygroup.com\/wp-content\/uploads\/2025\/09\/LogoGolden.jpg\",\"width\":479,\"height\":479,\"caption\":\"Marca l\u00edder en Mexico y Latinoamericano de EPP para trabajos el altura\"},{\"@type\":\"BreadcrumbList\",\"@id\":\"https:\/\/goldensafetygroup.com\/#breadcrumb\",\"itemListElement\":[{\"@type\":\"ListItem\",\"position\":1,\"name\":\"Inicio\",\"item\":\"https:\/\/goldensafetygroup.com\/\"},{\"@type\":\"ListItem\",\"position\":2,\"name\":\"inicio\"}]},{\"@type\":\"WebSite\",\"@id\":\"https:\/\/goldensafetygroup.com\/#website\",\"url\":\"https:\/\/goldensafetygroup.com\/\",\"name\":\"\",\"description\":\"\",\"potentialAction\":[{\"@type\":\"SearchAction\",\"target\":{\"@type\":\"EntryPoint\",\"urlTemplate\":\"https:\/\/goldensafetygroup.com\/?s={search_term_string}\"},\"query-input\":{\"@type\":\"PropertyValueSpecification\",\"valueRequired\":true,\"valueName\":\"search_term_string\"}}],\"inLanguage\":\"es\"}]}<\/script>\n<!-- \/ Yoast SEO plugin. -->","yoast_head_json":{"title":"inicio -","robots":{"index":"index","follow":"follow","max-snippet":"max-snippet:-1","max-image-preview":"max-image-preview:large","max-video-preview":"max-video-preview:-1"},"canonical":"https:\/\/goldensafetygroup.com\/","og_locale":"es_MX","og_type":"article","og_title":"inicio -","og_description":"Ayudamos a que los profesionales regresen sanos y salvos a casa despu\u00e9s de una jornada laboral con riesgos y \u00e9xitos. [&hellip;]","og_url":"https:\/\/goldensafetygroup.com\/","article_modified_time":"2025-09-12T22:38:04+00:00","og_image":[{"url":"https:\/\/goldensafetygroup.com\/wp-content\/uploads\/2025\/09\/LogoGolden-300x300.jpg"}],"twitter_card":"summary_large_image","twitter_misc":{"Tiempo de lectura":"3 minutos"},"schema":{"@context":"https:\/\/schema.org","@graph":[{"@type":"WebPage","@id":"https:\/\/goldensafetygroup.com\/","url":"https:\/\/goldensafetygroup.com\/","name":"inicio -","isPartOf":{"@id":"https:\/\/goldensafetygroup.com\/#website"},"primaryImageOfPage":{"@id":"https:\/\/goldensafetygroup.com\/#primaryimage"},"image":{"@id":"https:\/\/goldensafetygroup.com\/#primaryimage"},"thumbnailUrl":"https:\/\/goldensafetygroup.com\/wp-content\/uploads\/2025\/09\/LogoGolden-300x300.jpg","datePublished":"2024-09-17T17:41:35+00:00","dateModified":"2025-09-12T22:38:04+00:00","breadcrumb":{"@id":"https:\/\/goldensafetygroup.com\/#breadcrumb"},"inLanguage":"es","potentialAction":[{"@type":"ReadAction","target":["https:\/\/goldensafetygroup.com\/"]}]},{"@type":"ImageObject","inLanguage":"es","@id":"https:\/\/goldensafetygroup.com\/#primaryimage","url":"https:\/\/goldensafetygroup.com\/wp-content\/uploads\/2025\/09\/LogoGolden.jpg","contentUrl":"https:\/\/goldensafetygroup.com\/wp-content\/uploads\/2025\/09\/LogoGolden.jpg","width":479,"height":479,"caption":"Marca l\u00edder en Mexico y Latinoamericano de EPP para trabajos el altura"},{"@type":"BreadcrumbList","@id":"https:\/\/goldensafetygroup.com\/#breadcrumb","itemListElement":[{"@type":"ListItem","position":1,"name":"Inicio","item":"https:\/\/goldensafetygroup.com\/"},{"@type":"ListItem","position":2,"name":"inicio"}]},{"@type":"WebSite","@id":"https:\/\/goldensafetygroup.com\/#website","url":"https:\/\/goldensafetygroup.com\/","name":"","description":"","potentialAction":[{"@type":"SearchAction","target":{"@type":"EntryPoint","urlTemplate":"https:\/\/goldensafetygroup.com\/?s={search_term_string}"},"query-input":{"@type":"PropertyValueSpecification","valueRequired":true,"valueName":"search_term_string"}}],"inLanguage":"es"}]}},"_links":{"self":[{"href":"https:\/\/goldensafetygroup.com\/index.php?rest_route=\/wp\/v2\/pages\/9","targetHints":{"allow":["GET"]}}],"collection":[{"href":"https:\/\/goldensafetygroup.com\/index.php?rest_route=\/wp\/v2\/pages"}],"about":[{"href":"https:\/\/goldensafetygroup.com\/index.php?rest_route=\/wp\/v2\/types\/page"}],"author":[{"embeddable":true,"href":"https:\/\/goldensafetygroup.com\/index.php?rest_route=\/wp\/v2\/users\/1"}],"replies":[{"embeddable":true,"href":"https:\/\/goldensafetygroup.com\/index.php?rest_route=%2Fwp%2Fv2%2Fcomments&post=9"}],"version-history":[{"count":52,"href":"https:\/\/goldensafetygroup.com\/index.php?rest_route=\/wp\/v2\/pages\/9\/revisions"}],"predecessor-version":[{"id":108,"href":"https:\/\/goldensafetygroup.com\/index.php?rest_route=\/wp\/v2\/pages\/9\/revisions\/108"}],"wp:attachment":[{"href":"https:\/\/goldensafetygroup.com\/index.php?rest_route=%2Fwp%2Fv2%2Fmedia&parent=9"}],"curies":[{"name":"wp","href":"https:\/\/api.w.org\/{rel}","templated":true}]}}